


{"id":1428,"date":"2021-08-20T23:11:25","date_gmt":"2021-08-20T16:11:25","guid":{"rendered":"https:\/\/aesco.com.vn\/ja\/?page_id=1428"},"modified":"2021-10-20T16:36:29","modified_gmt":"2021-10-20T09:36:29","slug":"contact-jp","status":"publish","type":"page","link":"https:\/\/aesco.com.vn\/ja\/contact-jp\/","title":{"rendered":"Contact jp"},"content":{"rendered":"<p><iframe loading=\"lazy\" style=\"border: 0;\" src=\"https:\/\/www.google.com\/maps\/embed?pb=!1m18!1m12!1m3!1d3919.032994071621!2d106.75038901480116!3d10.808784892299544!2m3!1f0!2f0!3f0!3m2!1i1024!2i768!4f13.1!3m3!1m2!1s0x3175277d258f6a8d%3A0xd59b4fe1201bc911!2sC%C3%B4ng%20ty%20Aozora%20Eco-Solutions!5e0!3m2!1svi!2s!4v1629725220159!5m2!1svi!2s\" width=\"100%\" height=\"350\" allowfullscreen=\"allowfullscreen\"><\/iframe><\/p>\n<div class=\"row align-equal align-center\"  id=\"row-1364917264\">\n\n\t<div id=\"col-1876412046\" class=\"col medium-6 small-12 large-6\"  >\n\t\t\t\t<div class=\"col-inner\"  >\n\t\t\t\n\t\t\t\n<h2>\u0110\u0103ng k\u00fd nh\u1eadn t\u01b0 v\u1ea5n mi\u1ec5n ph\u00ed<\/h2>\n\n<div class=\"wpcf7 no-js\" id=\"wpcf7-f203-o1\" lang=\"vi\" dir=\"ltr\">\n<div class=\"screen-reader-response\"><p role=\"status\" aria-live=\"polite\" aria-atomic=\"true\"><\/p> <ul><\/ul><\/div>\n<form action=\"\/ja\/wp-json\/wp\/v2\/pages\/1428#wpcf7-f203-o1\" method=\"post\" class=\"wpcf7-form init\" aria-label=\"Contact form\" novalidate=\"novalidate\" data-status=\"init\">\n<div style=\"display: none;\">\n<input type=\"hidden\" name=\"_wpcf7\" value=\"203\" \/>\n<input type=\"hidden\" name=\"_wpcf7_version\" value=\"5.9.3\" \/>\n<input type=\"hidden\" name=\"_wpcf7_locale\" value=\"vi\" \/>\n<input type=\"hidden\" name=\"_wpcf7_unit_tag\" value=\"wpcf7-f203-o1\" \/>\n<input type=\"hidden\" name=\"_wpcf7_container_post\" value=\"0\" \/>\n<input type=\"hidden\" name=\"_wpcf7_posted_data_hash\" value=\"\" \/>\n<\/div>\n<p><span class=\"wpcf7-form-control-wrap\" data-name=\"your-name\"><input size=\"40\" class=\"wpcf7-form-control wpcf7-text wpcf7-validates-as-required\" aria-required=\"true\" aria-invalid=\"false\" placeholder=\"H\u1ecd v\u00e0 t\u00ean...\" value=\"\" type=\"text\" name=\"your-name\" \/><\/span><br \/>\n<span class=\"wpcf7-form-control-wrap\" data-name=\"your-email\"><input size=\"40\" class=\"wpcf7-form-control wpcf7-email wpcf7-validates-as-required wpcf7-text wpcf7-validates-as-email\" aria-required=\"true\" aria-invalid=\"false\" placeholder=\"Email...\" value=\"\" type=\"email\" name=\"your-email\" \/><\/span><br \/>\n<span class=\"wpcf7-form-control-wrap\" data-name=\"your-phone\"><input size=\"40\" class=\"wpcf7-form-control wpcf7-tel wpcf7-validates-as-required wpcf7-text wpcf7-validates-as-tel\" aria-required=\"true\" aria-invalid=\"false\" placeholder=\"S\u1ed1 \u0111i\u1ec7n tho\u1ea1i...\" value=\"\" type=\"tel\" name=\"your-phone\" \/><\/span><br \/>\n<span class=\"wpcf7-form-control-wrap\" data-name=\"your-content\"><textarea cols=\"40\" rows=\"10\" class=\"wpcf7-form-control wpcf7-textarea wpcf7-validates-as-required\" aria-required=\"true\" aria-invalid=\"false\" placeholder=\"N\u1ed9i dung c\u1ea7n li\u00ean h\u1ec7...\" name=\"your-content\"><\/textarea><\/span><br \/>\n<input class=\"wpcf7-form-control wpcf7-submit has-spinner\" type=\"submit\" value=\"G\u1eedi li\u00ean h\u1ec7\" \/>\n<\/p><div class=\"wpcf7-response-output\" aria-hidden=\"true\"><\/div>\n<\/form>\n<\/div>\n\n\t\t<\/div>\n\t\t\t\t\t<\/div>\n\n\t\n\n\t<div id=\"col-1936318891\" class=\"col medium-6 small-12 large-6\"  >\n\t\t\t\t<div class=\"col-inner\"  >\n\t\t\t\n\t\t\t\n<h2>Th\u00f4ng tin li\u00ean h\u1ec7<\/h2>\n<p><strong>C\u00d4NG TY TNHH AOZORA ECO-SOLUTIONS (AESCO)<\/strong><\/p>\n<p>\u2013<strong> \u0110\u1ecba ch\u1ec9:<\/strong> S\u1ed1 9, \u0111\u01b0\u1eddng s\u1ed1 4, khu ph\u1ed1 4, ph\u01b0\u1eddng An Ph\u00fa, th\u00e0nh ph\u1ed1 Th\u1ee7 \u0110\u1ee9c, th\u00e0nh ph\u1ed1 H\u1ed3 Ch\u00ed Minh\u00a0\u3010<a href=\"https:\/\/goo.gl\/maps\/R2wjcaRr3WRwr5J97\" target=\"_blank\" rel=\"nofollow noopener\">Google Map<\/a>\u3011<br \/>\n\u2013 <strong>S\u0110T:<\/strong> (+84) 28-36 36 364<br \/>\n\u2013 <strong>Email:<\/strong> <a href=\"mailto:aozora.eco.solutions@gmail.com\">aozora.eco.solutions@gmail.com<\/a><br \/>\n\u2013 <strong>Website:<\/strong> www.aesco.com.vn<\/p>\n\t\t<\/div>\n\t\t\t\t\t<\/div>\n\n\t\n<\/div>\n","protected":false},"excerpt":{"rendered":"","protected":false},"author":1,"featured_media":0,"parent":0,"menu_order":0,"comment_status":"closed","ping_status":"closed","template":"","meta":{"footnotes":""},"_links":{"self":[{"href":"https:\/\/aesco.com.vn\/ja\/wp-json\/wp\/v2\/pages\/1428"}],"collection":[{"href":"https:\/\/aesco.com.vn\/ja\/wp-json\/wp\/v2\/pages"}],"about":[{"href":"https:\/\/aesco.com.vn\/ja\/wp-json\/wp\/v2\/types\/page"}],"author":[{"embeddable":true,"href":"https:\/\/aesco.com.vn\/ja\/wp-json\/wp\/v2\/users\/1"}],"replies":[{"embeddable":true,"href":"https:\/\/aesco.com.vn\/ja\/wp-json\/wp\/v2\/comments?post=1428"}],"version-history":[{"count":2,"href":"https:\/\/aesco.com.vn\/ja\/wp-json\/wp\/v2\/pages\/1428\/revisions"}],"predecessor-version":[{"id":2261,"href":"https:\/\/aesco.com.vn\/ja\/wp-json\/wp\/v2\/pages\/1428\/revisions\/2261"}],"wp:attachment":[{"href":"https:\/\/aesco.com.vn\/ja\/wp-json\/wp\/v2\/media?parent=1428"}],"curies":[{"name":"wp","href":"https:\/\/api.w.org\/{rel}","templated":true}]}}